{"id":1201,"date":"2014-12-15T11:53:55","date_gmt":"2014-12-15T10:53:55","guid":{"rendered":"http:\/\/bistro-lecoq.de\/WordPress\/?page_id=1201"},"modified":"2020-10-15T18:12:15","modified_gmt":"2020-10-15T17:12:15","slug":"bistro","status":"publish","type":"page","link":"http:\/\/bistro-lecoq.de\/?page_id=1201","title":{"rendered":"Das Bistro"},"content":{"rendered":"<h4>die Historie<\/h4>\n<h5>Wie lange es das Bistro in den vorhandenen R\u00e4umlichkeiten schon gibt, konnte bislang niemand ganz genau zur\u00fcckverfolgen. Bistro Le Coq hei\u00dft es nun seit \u00fcber 40 Jahren.Der Name war fr\u00fcher auch einmal anders; n\u00e4mlich &#8222;Wiesengrund&#8220; und unser heutiger Billardraum war fr\u00fcher mal ein &#8222;Tante-Emma-Laden&#8220;. Fest steht: Das Bistro wurde 1990 von Brigitte und Udo Regh \u00fcbernommen und mit viel Leidenschaft und Herzlichkeit gef\u00fchrt. Seither f\u00fchlen sich hier G\u00e4ste in jedem Alter wohl!<\/h5>\n<p>\u00a0<\/p>\n<h5>Im M\u00e4rz 2008 \u00fcbergaben Brigitte und Udo Regh nach 17 Jahren ihr geliebtes Bistro an ihren j\u00fcngsten Sohn, Marco Regh. Das Bistro Le Coq befindet sich also weiterhin im Familienbesitz und der &#8222;neue&#8220; Inhaber erf\u00fcllt seine Aufgabe mit viel Begeisterung und Herzblut, schlie\u00dflich ist er mit der Gastronomie aufgewachsen.<\/h5>\n<h5>Er und sein Team wollen auch nicht Grundlegendes an dem Flair, der Atmosph\u00e4re oder der Philosophie \u00e4ndern, denn die G\u00e4ste lieben es so, wie es ist.<\/h5>\n<p>\u00a0<\/p>\n<h5>Nat\u00fcrlich wurden kleine Renovierungsarbeiten vorgenommen; aber trotz des noch jungen Alters des Inhabers Marco (geb. 1982) wurden diese Neuerungen nicht stilver\u00e4ndernd bzw. zu modern gestaltet, denn alles soll so gem\u00fctlich bleiben wie eh und je.<\/h5>\n<p>\u00a0<\/p>\n\n\n<p><\/p>\n","protected":false},"excerpt":{"rendered":"<p>die Historie Wie lange es das Bistro in den vorhandenen R\u00e4umlichkeiten schon gibt, [&hellip;]<\/p>\n","protected":false},"author":1,"featured_media":0,"parent":0,"menu_order":0,"comment_status":"closed","ping_status":"open","template":"","meta":{"jetpack_post_was_ever_published":false,"footnotes":""},"jetpack_sharing_enabled":true,"jetpack_shortlink":"https:\/\/wp.me\/PaOX4N-jn","_links":{"self":[{"href":"http:\/\/bistro-lecoq.de\/index.php?rest_route=\/wp\/v2\/pages\/1201"}],"collection":[{"href":"http:\/\/bistro-lecoq.de\/index.php?rest_route=\/wp\/v2\/pages"}],"about":[{"href":"http:\/\/bistro-lecoq.de\/index.php?rest_route=\/wp\/v2\/types\/page"}],"author":[{"embeddable":true,"href":"http:\/\/bistro-lecoq.de\/index.php?rest_route=\/wp\/v2\/users\/1"}],"replies":[{"embeddable":true,"href":"http:\/\/bistro-lecoq.de\/index.php?rest_route=%2Fwp%2Fv2%2Fcomments&post=1201"}],"version-history":[{"count":22,"href":"http:\/\/bistro-lecoq.de\/index.php?rest_route=\/wp\/v2\/pages\/1201\/revisions"}],"predecessor-version":[{"id":1869,"href":"http:\/\/bistro-lecoq.de\/index.php?rest_route=\/wp\/v2\/pages\/1201\/revisions\/1869"}],"wp:attachment":[{"href":"http:\/\/bistro-lecoq.de\/index.php?rest_route=%2Fwp%2Fv2%2Fmedia&parent=1201"}],"curies":[{"name":"wp","href":"https:\/\/api.w.org\/{rel}","templated":true}]}}