{"id":1205,"date":"2014-12-15T11:54:41","date_gmt":"2014-12-15T10:54:41","guid":{"rendered":"http:\/\/bistro-lecoq.de\/WordPress\/?page_id=1205"},"modified":"2021-01-01T14:25:43","modified_gmt":"2021-01-01T13:25:43","slug":"feiern-sie-bei-uns","status":"publish","type":"page","link":"http:\/\/bistro-lecoq.de\/?page_id=1205","title":{"rendered":"Feiern Sie bei uns!"},"content":{"rendered":"<h5>Sie haben einen Anlass zum Feiern und m\u00f6chten sich um nichts k\u00fcmmern sondern sich einfach mit Ihren G\u00e4sten am\u00fcsieren?<\/h5>\n<h5>Ob Geburtstag, Firmenfeier, Jubil\u00e4um oder ein Gesch\u00e4ftsessen. Wir nehmen uns gerne die Zeit um Sie im Vorfeld zu beraten. Von der Men\u00fcwahl \u00fcber die Getr\u00e4nkewahl bis hin zu den Tischdekorationen.<\/h5>\n<h5>So k\u00f6nnen wie Ihre Vorstellung und W\u00fcnsche optimal umsetzen und Ihre Feier f\u00fcr Sie und Ihre G\u00e4ste zu einem unvergesslichem Erlebnis werden lassen.<\/h5>\n<p><img loading=\"lazy\" decoding=\"async\" src=\"http:\/\/bistro-lecoq.de\/wp-content\/uploads\/2021\/01\/img_2926.jpg\" class=\"size-full wp-image-1977\" width=\"3024\" height=\"4032\" srcset=\"http:\/\/bistro-lecoq.de\/wp-content\/uploads\/2021\/01\/img_2926.jpg 3024w, http:\/\/bistro-lecoq.de\/wp-content\/uploads\/2021\/01\/img_2926-225x300.jpg 225w, http:\/\/bistro-lecoq.de\/wp-content\/uploads\/2021\/01\/img_2926-768x1024.jpg 768w\" sizes=\"(max-width: 3024px) 100vw, 3024px\" \/><img loading=\"lazy\" decoding=\"async\" src=\"http:\/\/bistro-lecoq.de\/wp-content\/uploads\/2021\/01\/img_2928.jpg\" class=\"size-full wp-image-1978\" width=\"4032\" height=\"3024\" srcset=\"http:\/\/bistro-lecoq.de\/wp-content\/uploads\/2021\/01\/img_2928.jpg 4032w, http:\/\/bistro-lecoq.de\/wp-content\/uploads\/2021\/01\/img_2928-300x225.jpg 300w, http:\/\/bistro-lecoq.de\/wp-content\/uploads\/2021\/01\/img_2928-768x576.jpg 768w, http:\/\/bistro-lecoq.de\/wp-content\/uploads\/2021\/01\/img_2928-1024x768.jpg 1024w\" sizes=\"(max-width: 4032px) 100vw, 4032px\" \/><img loading=\"lazy\" decoding=\"async\" src=\"http:\/\/bistro-lecoq.de\/wp-content\/uploads\/2021\/01\/img_2930.jpg\" class=\"size-full wp-image-1979\" width=\"4032\" height=\"3024\" srcset=\"http:\/\/bistro-lecoq.de\/wp-content\/uploads\/2021\/01\/img_2930.jpg 4032w, http:\/\/bistro-lecoq.de\/wp-content\/uploads\/2021\/01\/img_2930-300x225.jpg 300w, http:\/\/bistro-lecoq.de\/wp-content\/uploads\/2021\/01\/img_2930-768x576.jpg 768w, http:\/\/bistro-lecoq.de\/wp-content\/uploads\/2021\/01\/img_2930-1024x768.jpg 1024w\" sizes=\"(max-width: 4032px) 100vw, 4032px\" \/><img loading=\"lazy\" decoding=\"async\" src=\"http:\/\/bistro-lecoq.de\/wp-content\/uploads\/2021\/01\/img_2927.jpg\" class=\"size-full wp-image-1981\" width=\"4032\" height=\"3024\" srcset=\"http:\/\/bistro-lecoq.de\/wp-content\/uploads\/2021\/01\/img_2927.jpg 4032w, http:\/\/bistro-lecoq.de\/wp-content\/uploads\/2021\/01\/img_2927-300x225.jpg 300w, http:\/\/bistro-lecoq.de\/wp-content\/uploads\/2021\/01\/img_2927-768x576.jpg 768w, http:\/\/bistro-lecoq.de\/wp-content\/uploads\/2021\/01\/img_2927-1024x768.jpg 1024w\" sizes=\"(max-width: 4032px) 100vw, 4032px\" \/><img loading=\"lazy\" decoding=\"async\" src=\"http:\/\/bistro-lecoq.de\/wp-content\/uploads\/2021\/01\/img_2929.jpg\" class=\"size-full wp-image-1980\" width=\"4032\" height=\"3024\" srcset=\"http:\/\/bistro-lecoq.de\/wp-content\/uploads\/2021\/01\/img_2929.jpg 4032w, http:\/\/bistro-lecoq.de\/wp-content\/uploads\/2021\/01\/img_2929-300x225.jpg 300w, http:\/\/bistro-lecoq.de\/wp-content\/uploads\/2021\/01\/img_2929-768x576.jpg 768w, http:\/\/bistro-lecoq.de\/wp-content\/uploads\/2021\/01\/img_2929-1024x768.jpg 1024w\" sizes=\"(max-width: 4032px) 100vw, 4032px\" \/><img loading=\"lazy\" decoding=\"async\" src=\"http:\/\/bistro-lecoq.de\/wp-content\/uploads\/2021\/01\/img_5288.jpg\" class=\"size-full wp-image-1982\" width=\"2448\" height=\"3264\" srcset=\"http:\/\/bistro-lecoq.de\/wp-content\/uploads\/2021\/01\/img_5288.jpg 2448w, http:\/\/bistro-lecoq.de\/wp-content\/uploads\/2021\/01\/img_5288-225x300.jpg 225w, http:\/\/bistro-lecoq.de\/wp-content\/uploads\/2021\/01\/img_5288-768x1024.jpg 768w\" sizes=\"(max-width: 2448px) 100vw, 2448px\" \/><img loading=\"lazy\" decoding=\"async\" src=\"http:\/\/bistro-lecoq.de\/wp-content\/uploads\/2021\/01\/img_2777.jpg\" class=\"size-full wp-image-1976\" width=\"2448\" height=\"3264\" srcset=\"http:\/\/bistro-lecoq.de\/wp-content\/uploads\/2021\/01\/img_2777.jpg 2448w, http:\/\/bistro-lecoq.de\/wp-content\/uploads\/2021\/01\/img_2777-225x300.jpg 225w, http:\/\/bistro-lecoq.de\/wp-content\/uploads\/2021\/01\/img_2777-768x1024.jpg 768w\" sizes=\"(max-width: 2448px) 100vw, 2448px\" \/><\/p>\n","protected":false},"excerpt":{"rendered":"<p>Sie haben einen Anlass zum Feiern und m\u00f6chten sich um nichts k\u00fcmmern sondern [&hellip;]<\/p>\n","protected":false},"author":1,"featured_media":0,"parent":0,"menu_order":0,"comment_status":"closed","ping_status":"open","template":"","meta":{"jetpack_post_was_ever_published":false,"footnotes":""},"jetpack_sharing_enabled":true,"jetpack_shortlink":"https:\/\/wp.me\/PaOX4N-jr","_links":{"self":[{"href":"http:\/\/bistro-lecoq.de\/index.php?rest_route=\/wp\/v2\/pages\/1205"}],"collection":[{"href":"http:\/\/bistro-lecoq.de\/index.php?rest_route=\/wp\/v2\/pages"}],"about":[{"href":"http:\/\/bistro-lecoq.de\/index.php?rest_route=\/wp\/v2\/types\/page"}],"author":[{"embeddable":true,"href":"http:\/\/bistro-lecoq.de\/index.php?rest_route=\/wp\/v2\/users\/1"}],"replies":[{"embeddable":true,"href":"http:\/\/bistro-lecoq.de\/index.php?rest_route=%2Fwp%2Fv2%2Fcomments&post=1205"}],"version-history":[{"count":10,"href":"http:\/\/bistro-lecoq.de\/index.php?rest_route=\/wp\/v2\/pages\/1205\/revisions"}],"predecessor-version":[{"id":1983,"href":"http:\/\/bistro-lecoq.de\/index.php?rest_route=\/wp\/v2\/pages\/1205\/revisions\/1983"}],"wp:attachment":[{"href":"http:\/\/bistro-lecoq.de\/index.php?rest_route=%2Fwp%2Fv2%2Fmedia&parent=1205"}],"curies":[{"name":"wp","href":"https:\/\/api.w.org\/{rel}","templated":true}]}}